{"id":123,"date":"2024-09-21T12:05:07","date_gmt":"2024-09-21T10:05:07","guid":{"rendered":"https:\/\/ettorerivaproductions.com\/?page_id=123"},"modified":"2024-09-21T12:14:07","modified_gmt":"2024-09-21T10:14:07","slug":"contact","status":"publish","type":"page","link":"https:\/\/ettorerivaproductions.com\/index.php\/contact\/","title":{"rendered":"Contact"},"content":{"rendered":"\n<div class=\"wp-block-group\"><div class=\"wp-block-group__inner-container is-layout-constrained wp-block-group-is-layout-constrained\">\n<p>Vous souhaitez, <br>Communiquez avec nous,<br>Nous proposer un partenariat, une collaboration,<br>Obtenir des informations sur nos activit\u00e9s,<\/p>\n\n\n\n<p>Alors, n&#8217;h\u00e9sitez pas un seul instant, nous vous r\u00e9pondrons aussi vite que possible !<\/p>\n\n\n\n<p>Appelez nous&nbsp;ou laissez nous un message ICI<\/p>\n<\/div><\/div>\n\n\n\n<div class=\"wp-block-group\"><div class=\"wp-block-group__inner-container is-layout-constrained wp-block-group-is-layout-constrained\">\n<h4 class=\"wp-block-heading\">ETTORE RIVA PRODUCTIONS<br><a href=\"https:\/\/parisboatclub\" title=\"ParisBoatClub\">ParisBoatClub <\/a><a href=\"https:\/\/nkaleri.com\" title=\"Nkaleri\">Nkaleri<\/a> <a href=\"https:\/\/ettoreriva.com\" title=\"EttoreRiva\">EttoreRiva<\/a><\/h4>\n\n\n\n<p>+33 0623898276<br>Lundi au Vendredi, 10:00-18:00<\/p>\n<\/div><\/div>\n\n\n<div class=\"wpforms-container wpforms-container-full wpforms-block wpforms-block-342446e0-d344-4b76-92e1-d519dae291c2\" id=\"wpforms-108\"><form id=\"wpforms-form-108\" class=\"wpforms-validate wpforms-form\" data-formid=\"108\" method=\"post\" enctype=\"multipart\/form-data\" action=\"\/index.php\/wp-json\/wp\/v2\/pages\/123\" data-token=\"2c41be22051c8b65f8129462732638d8\" data-token-time=\"1776600074\"><noscript class=\"wpforms-error-noscript\">Please enable JavaScript in your browser to complete this form.<\/noscript><div class=\"wpforms-field-container\"><div id=\"wpforms-108-field_0-container\" class=\"wpforms-field wpforms-field-name wpforms-one-half wpforms-first\" data-field-id=\"0\"><label class=\"wpforms-field-label wpforms-label-hide\" for=\"wpforms-108-field_0\">Votre Nom <span class=\"wpforms-required-label\">*<\/span><\/label><input type=\"text\" id=\"wpforms-108-field_0\" class=\"wpforms-field-large wpforms-field-required\" name=\"wpforms[fields][0]\" placeholder=\"Entrez votre Nom \" required><\/div><div id=\"wpforms-108-field_3-container\" class=\"wpforms-field wpforms-field-email wpforms-one-half\" data-field-id=\"3\"><label class=\"wpforms-field-label wpforms-label-hide\" for=\"wpforms-108-field_3\">Votre Email <span class=\"wpforms-required-label\">*<\/span><\/label><input type=\"email\" id=\"wpforms-108-field_3\" class=\"wpforms-field-large wpforms-field-required\" name=\"wpforms[fields][3]\" placeholder=\"Entrez votre Email\" spellcheck=\"false\" required><\/div><div id=\"wpforms-108-field_4-container\" class=\"wpforms-field wpforms-field-text\" data-field-id=\"4\"><label class=\"wpforms-field-label wpforms-label-hide\" for=\"wpforms-108-field_4\">Sujet<\/label><input type=\"text\" id=\"wpforms-108-field_4\" class=\"wpforms-field-large\" name=\"wpforms[fields][4]\" placeholder=\"La raison de votre demande de contact\" ><\/div><div id=\"wpforms-108-field_2-container\" class=\"wpforms-field wpforms-field-textarea\" data-field-id=\"2\"><label class=\"wpforms-field-label wpforms-label-hide\" for=\"wpforms-108-field_2\">Message <span class=\"wpforms-required-label\">*<\/span><\/label><textarea id=\"wpforms-108-field_2\" class=\"wpforms-field-medium wpforms-field-required\" name=\"wpforms[fields][2]\" placeholder=\"Votre Message\" required><\/textarea><\/div><\/div><!-- .wpforms-field-container --><div class=\"wpforms-submit-container\" ><input type=\"hidden\" name=\"wpforms[id]\" value=\"108\"><input type=\"hidden\" name=\"page_title\" value=\"\"><input type=\"hidden\" name=\"page_url\" value=\"https:\/\/ettorerivaproductions.com\/index.php\/wp-json\/wp\/v2\/pages\/123\"><input type=\"hidden\" name=\"url_referer\" value=\"\"><button type=\"submit\" name=\"wpforms[submit]\" id=\"wpforms-submit-108\" class=\"wpforms-submit\" data-alt-text=\"Sending...\" data-submit-text=\"Envoyer\" aria-live=\"assertive\" value=\"wpforms-submit\">Envoyer<\/button><\/div><\/form><\/div>  <!-- .wpforms-container -->","protected":false},"excerpt":{"rendered":"<p>Vous souhaitez, Communiquez avec nous,Nous proposer un partenariat, une collaboration,Obtenir des informations sur nos activit\u00e9s, Alors, n&#8217;h\u00e9sitez pas un seul instant, nous vous r\u00e9pondrons aussi vite que possible ! Appelez nous&nbsp;ou laissez nous un message ICI ETTORE RIVA PRODUCTIONSParisBoatClub Nkaleri EttoreRiva +33 0623898276Lundi au Vendredi, 10:00-18:00<\/p>\n","protected":false},"author":1,"featured_media":0,"parent":0,"menu_order":0,"comment_status":"closed","ping_status":"closed","template":"","meta":{"_monsterinsights_skip_tracking":false,"_monsterinsights_sitenote_active":false,"_monsterinsights_sitenote_note":"","_monsterinsights_sitenote_category":0,"footnotes":""},"class_list":["post-123","page","type-page","status-publish","hentry"],"aioseo_notices":[],"_links":{"self":[{"href":"https:\/\/ettorerivaproductions.com\/index.php\/wp-json\/wp\/v2\/pages\/123","targetHints":{"allow":["GET"]}}],"collection":[{"href":"https:\/\/ettorerivaproductions.com\/index.php\/wp-json\/wp\/v2\/pages"}],"about":[{"href":"https:\/\/ettorerivaproductions.com\/index.php\/wp-json\/wp\/v2\/types\/page"}],"author":[{"embeddable":true,"href":"https:\/\/ettorerivaproductions.com\/index.php\/wp-json\/wp\/v2\/users\/1"}],"replies":[{"embeddable":true,"href":"https:\/\/ettorerivaproductions.com\/index.php\/wp-json\/wp\/v2\/comments?post=123"}],"version-history":[{"count":5,"href":"https:\/\/ettorerivaproductions.com\/index.php\/wp-json\/wp\/v2\/pages\/123\/revisions"}],"predecessor-version":[{"id":130,"href":"https:\/\/ettorerivaproductions.com\/index.php\/wp-json\/wp\/v2\/pages\/123\/revisions\/130"}],"wp:attachment":[{"href":"https:\/\/ettorerivaproductions.com\/index.php\/wp-json\/wp\/v2\/media?parent=123"}],"curies":[{"name":"wp","href":"https:\/\/api.w.org\/{rel}","templated":true}]}}