{"id":2,"date":"2023-12-29T19:09:14","date_gmt":"2023-12-29T18:09:14","guid":{"rendered":"http:\/\/ettorerivaproductions.com\/?page_id=2"},"modified":"2024-01-25T11:44:39","modified_gmt":"2024-01-25T10:44:39","slug":"page-d-exemple","status":"publish","type":"page","link":"https:\/\/ettorerivaproductions.com\/","title":{"rendered":"Accueil"},"content":{"rendered":"\n<p>ETTORE RIVA PRODUCTIONS &#8211; ERP<br>Avec les marques Ettore Riva, ParisBoatClub et Nkaleri, d\u00e9couvrez toutes nos offres photographies sur ettoreriva.com, gall\u00e9rie d&#8217;arts sur nkaleri.com et croisi\u00e8res balades sur Paris sur parisboatclub.fr. <br><\/p>\n\n\n\n<blockquote class=\"wp-block-quote is-layout-flow wp-block-quote-is-layout-flow\">\n<h2 class=\"wp-block-heading\"><strong>Nos Passions<\/strong><\/h2>\n\n\n\n<p>Ettore Riva productions s\u2019est donn\u00e9 pour mission de pouvoir offrir aux femmes et aux hommes qui visitent Paris, le meilleur des visites possibles en termes de qualit\u00e9 et de s\u00e9curit\u00e9. <br>D\u00e9couvrez nos actualit\u00e9s et nos histoires les plus r\u00e9centes.<\/p>\n<\/blockquote>\n\n\n\n<p>\u00e0 l&#8217;origine&#8230;<\/p>\n\n\n\n<blockquote class=\"wp-block-quote is-layout-flow wp-block-quote-is-layout-flow\">\n<p>La soci\u00e9t\u00e9 Ettore Riva Productions a \u00e9t\u00e9 cr\u00e9\u00e9e fin 2021 et n\u2019a cess\u00e9 de se d\u00e9velopper depuis en proposant de multiples offres et activit\u00e9s de qualit\u00e9 depuis lors. <br>Situ\u00e9e \u00e0 Paris, notre vocation est de fournir le meilleur de ce qui est possible pour le plaisir des visiteurs en Ile de France.<br><\/p>\n<\/blockquote>\n\n\n\n<p><\/p>\n","protected":false},"excerpt":{"rendered":"<p>ETTORE RIVA PRODUCTIONS &#8211; ERPAvec les marques Ettore Riva, ParisBoatClub et Nkaleri, d\u00e9couvrez toutes nos offres photographies sur ettoreriva.com, gall\u00e9rie d&#8217;arts sur nkaleri.com et croisi\u00e8res balades sur Paris sur parisboatclub.fr. Nos Passions Ettore Riva productions s\u2019est donn\u00e9 pour mission de pouvoir offrir aux femmes et aux hommes qui visitent Paris, [&hellip;]<\/p>\n","protected":false},"author":1,"featured_media":87,"parent":0,"menu_order":0,"comment_status":"closed","ping_status":"open","template":"","meta":{"_monsterinsights_skip_tracking":false,"_monsterinsights_sitenote_active":false,"_monsterinsights_sitenote_note":"","_monsterinsights_sitenote_category":0,"footnotes":""},"class_list":["post-2","page","type-page","status-publish","has-post-thumbnail","hentry"],"aioseo_notices":[],"_links":{"self":[{"href":"https:\/\/ettorerivaproductions.com\/index.php\/wp-json\/wp\/v2\/pages\/2","targetHints":{"allow":["GET"]}}],"collection":[{"href":"https:\/\/ettorerivaproductions.com\/index.php\/wp-json\/wp\/v2\/pages"}],"about":[{"href":"https:\/\/ettorerivaproductions.com\/index.php\/wp-json\/wp\/v2\/types\/page"}],"author":[{"embeddable":true,"href":"https:\/\/ettorerivaproductions.com\/index.php\/wp-json\/wp\/v2\/users\/1"}],"replies":[{"embeddable":true,"href":"https:\/\/ettorerivaproductions.com\/index.php\/wp-json\/wp\/v2\/comments?post=2"}],"version-history":[{"count":4,"href":"https:\/\/ettorerivaproductions.com\/index.php\/wp-json\/wp\/v2\/pages\/2\/revisions"}],"predecessor-version":[{"id":41,"href":"https:\/\/ettorerivaproductions.com\/index.php\/wp-json\/wp\/v2\/pages\/2\/revisions\/41"}],"wp:featuredmedia":[{"embeddable":true,"href":"https:\/\/ettorerivaproductions.com\/index.php\/wp-json\/wp\/v2\/media\/87"}],"wp:attachment":[{"href":"https:\/\/ettorerivaproductions.com\/index.php\/wp-json\/wp\/v2\/media?parent=2"}],"curies":[{"name":"wp","href":"https:\/\/api.w.org\/{rel}","templated":true}]}}