{"id":30,"date":"2023-12-29T21:37:06","date_gmt":"2023-12-29T20:37:06","guid":{"rendered":"https:\/\/ettorerivaproductions.com\/?page_id=30"},"modified":"2024-01-25T11:52:13","modified_gmt":"2024-01-25T10:52:13","slug":"about","status":"publish","type":"page","link":"https:\/\/ettorerivaproductions.com\/index.php\/about\/","title":{"rendered":"About"},"content":{"rendered":"\n<p>\u00c0 propos d\u2019<em><strong>ETTORE RIVA PRODUCTIONS<\/strong><\/em><br><br>Mi 2021, m&#8217;est venu l&#8217;id\u00e9e de d\u00e9velopper mes activit\u00e9s cr\u00e9atrices auparavant d\u00e9volues uniquement \u00e0 la photographie.<br>Je suis <a href=\"https:\/\/ettoreriva.com\" title=\"Ettore Riva\"><em><strong>Ettore Riva<\/strong><\/em><\/a>, photographe fran\u00e7ais bas\u00e9 \u00e0 Paris.<br>Mes origines italiennes, originaire de Sardaigne, font que j&#8217;aime beaucoup l&#8217;art, la beaut\u00e9 et la singularit\u00e9. Aussi, j&#8217;aime partager ma vision du monde et sa beaut\u00e9.<br><br>Fin 2021, j&#8217;ai d\u00e9cid\u00e9 d&#8217;acheter un bateau et d&#8217;organiser et d\u00e9velopper des croisi\u00e8res priv\u00e9es \u00e0 Paris.<br>Pour cela j&#8217;ai d\u00e9velopp\u00e9 la marque <strong><em><a href=\"https:\/\/parisboatclub.fr\" title=\"ParisBoatClub\">ParisBoatClub<\/a><\/em><\/strong> qui g\u00e8re des sorties et balades priv\u00e9es sur la Seine pour d\u00e9couvrir Paris avec un \u0153il unique. En sole, en couple, en famille, entre amis, entre professionnels, il n&#8217;est jamais trop tard pour se faire plaisir en venant profiter des vues et visions uniques des monuments et pont historiques de la ville de Paris.<br><br>Un autre projet en cours et qui sera finalis\u00e9 en 2024, sera la mise en ligne d&#8217;une galerie d&#8217;Art, <strong><em><a href=\"https:\/\/nkaleri.com\" title=\"Nkaleri\">Nkaleri<\/a><\/em><\/strong>&#8230; on en reparlera ici assez rapidement !<br><br>En 2024, les Jeux Olympiques auront lieu \u00e0 Paris.<br>La derni\u00e8re fois c&#8217;\u00e9tait il y a 100 ans en 1924. Cette occasion est unique et cette ann\u00e9e le sera encore plus pour les <a href=\"https:\/\/presse.paris2024.org\/actualites\/paris-2024-et-les-compagnies-fluviales-une-collaboration-inedite-pour-la-ceremonie-douverture-des-jeux-olympiques-historique-sur-la-seine-9e27-e0190.html\" target=\"_blank\" rel=\"noopener\" title=\"Bateliers Parisiens qui participent \u00e0 la journ\u00e9e d'ouverture JO le 26 juillet 2024\"><em>Bateliers Parisiens qui participent \u00e0 la journ\u00e9e d&#8217;ouverture le 26 juillet 2024<\/em><\/a>.<\/p>\n\n\n\n<p><em>\u00c0 propos d&#8217;Ettore Riva Productions- Photos et contenus Copyright <a href=\"https:\/\/ettoreriva.com\" title=\"@Ettore_Riva\u200b\">@Ettore_Riva\u200b<\/a><\/em><\/p>\n","protected":false},"excerpt":{"rendered":"<p>\u00c0 propos d\u2019ETTORE RIVA PRODUCTIONS Mi 2021, m&#8217;est venu l&#8217;id\u00e9e de d\u00e9velopper mes activit\u00e9s cr\u00e9atrices auparavant d\u00e9volues uniquement \u00e0 la photographie.Je suis Ettore Riva, photographe fran\u00e7ais bas\u00e9 \u00e0 Paris.Mes origines italiennes, originaire de Sardaigne, font que j&#8217;aime beaucoup l&#8217;art, la beaut\u00e9 et la singularit\u00e9. Aussi, j&#8217;aime partager ma vision du [&hellip;]<\/p>\n","protected":false},"author":1,"featured_media":0,"parent":0,"menu_order":0,"comment_status":"closed","ping_status":"closed","template":"","meta":{"_monsterinsights_skip_tracking":false,"_monsterinsights_sitenote_active":false,"_monsterinsights_sitenote_note":"","_monsterinsights_sitenote_category":0,"footnotes":""},"class_list":["post-30","page","type-page","status-publish","hentry"],"aioseo_notices":[],"_links":{"self":[{"href":"https:\/\/ettorerivaproductions.com\/index.php\/wp-json\/wp\/v2\/pages\/30","targetHints":{"allow":["GET"]}}],"collection":[{"href":"https:\/\/ettorerivaproductions.com\/index.php\/wp-json\/wp\/v2\/pages"}],"about":[{"href":"https:\/\/ettorerivaproductions.com\/index.php\/wp-json\/wp\/v2\/types\/page"}],"author":[{"embeddable":true,"href":"https:\/\/ettorerivaproductions.com\/index.php\/wp-json\/wp\/v2\/users\/1"}],"replies":[{"embeddable":true,"href":"https:\/\/ettorerivaproductions.com\/index.php\/wp-json\/wp\/v2\/comments?post=30"}],"version-history":[{"count":5,"href":"https:\/\/ettorerivaproductions.com\/index.php\/wp-json\/wp\/v2\/pages\/30\/revisions"}],"predecessor-version":[{"id":102,"href":"https:\/\/ettorerivaproductions.com\/index.php\/wp-json\/wp\/v2\/pages\/30\/revisions\/102"}],"wp:attachment":[{"href":"https:\/\/ettorerivaproductions.com\/index.php\/wp-json\/wp\/v2\/media?parent=30"}],"curies":[{"name":"wp","href":"https:\/\/api.w.org\/{rel}","templated":true}]}}